{"id":66,"date":"2023-01-29T00:05:57","date_gmt":"2023-01-29T00:05:57","guid":{"rendered":"https:\/\/business-ronin.com\/?page_id=66"},"modified":"2023-03-14T21:56:24","modified_gmt":"2023-03-14T20:56:24","slug":"hugo-wp","status":"publish","type":"page","link":"https:\/\/business-ronin.com\/","title":{"rendered":"Front Page"},"content":{"rendered":"<div data-colibri-id=\"66-c1\" class=\"style-195 style-local-66-c1 position-relative\">\n  <!---->\n  <div data-colibri-component=\"section\" data-colibri-id=\"66-c2\" id=\"blog\" class=\"h-section h-section-global-spacing d-flex align-items-lg-center align-items-md-center align-items-center style-245 style-local-66-c2 position-relative\">\n    <!---->\n    <!---->\n    <div class=\"h-section-grid-container h-section-boxed-container\">\n      <div data-colibri-id=\"66-c16\" class=\"h-row-container gutters-row-lg-2 gutters-row-md-2 gutters-row-2 gutters-row-v-lg-2 gutters-row-v-md-2 gutters-row-v-2 style-259 style-local-66-c16 position-relative\">\n        <!---->\n        <div class=\"h-row justify-content-lg-center justify-content-md-center justify-content-center align-items-lg-stretch align-items-md-stretch align-items-stretch gutters-col-lg-2 gutters-col-md-2 gutters-col-2 gutters-col-v-lg-2 gutters-col-v-md-2 gutters-col-v-2\">\n          <!---->\n          <div class=\"h-column h-column-container d-flex h-col-lg-auto h-col-md-auto h-col-auto style-260-outer style-local-66-c17-outer\">\n            <div data-colibri-id=\"66-c17\" class=\"d-flex h-flex-basis h-column__inner h-px-lg-2 h-px-md-2 h-px-2 v-inner-lg-2 v-inner-md-2 v-inner-2 style-260 style-local-66-c17 position-relative\">\n              <!---->\n              <!---->\n              <div class=\"w-100 h-y-container h-column__content h-column__v-align flex-basis-100 align-self-lg-start align-self-md-start align-self-start\">\n                <!---->\n                <div data-colibri-id=\"66-c18\" class=\"h-global-transition-all h-heading style-261 style-local-66-c18 position-relative h-element\">\n                  <!---->\n                  <div class=\"h-heading__outer style-261 style-local-66-c18\">\n                    <!---->\n                    <!---->\n                    <h2 class=\"\">Mein Blog<\/h2>\n                  <\/div>\n                <\/div>\n                <div data-colibri-id=\"66-c19\" class=\"h-lead h-text h-text-component style-262 style-local-66-c19 position-relative h-element\">\n                  <!---->\n                  <!---->\n                  <div class=\"\">\n                    <p>Wenn Du Spa\u00df an inspierenden Ideen und praktischen Ergebnissen hast, wenn Du\n                      <br>glaubst, dass Arbeit eine Quelle tiefgreifenden pers\u00f6nlichen Wachstums sein kann, wirst Du dich wie zu Hause f\u00fchlen.<\/p>\n                  <\/div>\n                <\/div>\n              <\/div>\n            <\/div>\n          <\/div>\n        <\/div>\n      <\/div>\n      <div data-colibri-id=\"66-c3\" class=\"h-row-container gutters-row-lg-0 gutters-row-md-0 gutters-row-0 gutters-row-v-lg-0 gutters-row-v-md-0 gutters-row-v-0 style-246 style-local-66-c3 position-relative\">\n        <!---->\n        <div class=\"h-row justify-content-lg-center justify-content-md-center justify-content-center align-items-lg-stretch align-items-md-stretch align-items-stretch gutters-col-lg-0 gutters-col-md-0 gutters-col-0 gutters-col-v-lg-0 gutters-col-v-md-0 gutters-col-v-0\">\n          <!---->\n          <div class=\"h-column h-column-container d-flex h-col-lg-auto h-col-md-auto h-col-auto style-247-outer style-local-66-c4-outer\">\n            <div data-colibri-id=\"66-c4\" class=\"d-flex h-flex-basis h-column__inner h-px-lg-0 h-px-md-0 h-px-0 v-inner-lg-0 v-inner-md-0 v-inner-0 style-247 style-local-66-c4 position-relative\">\n              <!---->\n              <!---->\n              <div class=\"w-100 h-y-container h-column__content h-column__v-align flex-basis-100 align-self-lg-start align-self-md-start align-self-start\">\n                <!---->\n                <div data-colibri-id=\"66-c5\" class=\"h-row-container gutters-row-lg-2 gutters-row-md-2 gutters-row-2 gutters-row-v-lg-2 gutters-row-v-md-2 gutters-row-v-2 colibri-dynamic-list style-248 style-local-66-c5 position-relative\">\n                  <!---->\n                  <div data-colibri-component=\"\" class=\"h-row justify-content-lg-start justify-content-md-start justify-content-start align-items-lg-stretch align-items-md-stretch align-items-stretch gutters-col-lg-2 gutters-col-md-2 gutters-col-2 gutters-col-v-lg-2 gutters-col-v-md-2 gutters-col-v-2 style-248-row style-local-66-c5-row\">\n                    <!---->\n        <div class=\"h-column h-column-container d-flex h-col-lg-4 h-col-md-6 h-col-12 post-507 post type-post status-publish format-standard has-post-thumbnail hentry category-agiles-projektmanagement category-projectmanagement category-projektmanagement masonry-item style-249-outer style-local-66-c6-outer\"><div data-colibri-id=\"66-c6\" class=\"d-flex h-flex-basis h-column__inner h-px-lg-2 h-px-md-2 h-px-2 v-inner-lg-2 v-inner-md-2 v-inner-2 style-249 style-local-66-c6 h-overflow-hidden position-relative\"> <div class=\"w-100 h-y-container h-column__content h-column__v-align flex-basis-100 align-self-lg-start align-self-md-start align-self-start\"> <div data-href=\"https:\/\/business-ronin.com\/?p=507\" data-colibri-component=\"link\" data-colibri-id=\"66-c7\" class=\"colibri-post-thumbnail colibri-post-has-thumbnail colibri-post-thumbnail-has-placeholder style-250 style-local-66-c7 h-overflow-hidden position-relative h-element\"><div class=\"h-global-transition-all colibri-post-thumbnail-shortcode style-dynamic-66-c7-height\">            <a href=\"https:\/\/business-ronin.com\/?p=507\" title=\"Agiles Teufelsquadrat vs. Magisches Dreieck im Projektmanagement: Warum das agile Teufelsquadrat das bessere Tool ist\">\n\t\t\t\t<img width=\"1024\" height=\"683\" src=\"https:\/\/business-ronin.com\/wp-content\/uploads\/2023\/02\/meeting.jpg\" class=\"attachment-post-thumbnail size-post-thumbnail wp-post-image\" alt=\"\" decoding=\"async\" loading=\"lazy\" srcset=\"https:\/\/business-ronin.com\/wp-content\/uploads\/2023\/02\/meeting.jpg 1024w, https:\/\/business-ronin.com\/wp-content\/uploads\/2023\/02\/meeting-300x200.jpg 300w, https:\/\/business-ronin.com\/wp-content\/uploads\/2023\/02\/meeting-768x512.jpg 768w\" sizes=\"(max-width: 1024px) 100vw, 1024px\" \/>            <\/a>\n\t\t\t<\/div> <div class=\"colibri-post-thumbnail-content align-items-lg-center align-items-md-center align-items-center flex-basis-100\"><div class=\"w-100 h-y-container\"> <\/div><\/div><\/div><div data-colibri-id=\"66-c8\" class=\"h-row-container gutters-row-lg-0 gutters-row-md-0 gutters-row-2 gutters-row-v-lg-0 gutters-row-v-md-0 gutters-row-v-0 style-251 style-local-66-c8 position-relative\"><div class=\"h-row justify-content-lg-center justify-content-md-center justify-content-center align-items-lg-stretch align-items-md-stretch align-items-stretch gutters-col-lg-0 gutters-col-md-0 gutters-col-2 gutters-col-v-lg-0 gutters-col-v-md-0 gutters-col-v-0\"> <div class=\"h-column h-column-container d-flex h-col-lg h-col-md h-col-auto style-252-outer style-local-66-c9-outer\"><div data-colibri-id=\"66-c9\" class=\"d-flex h-flex-basis h-column__inner h-px-lg-3 h-px-md-3 h-px-3 v-inner-lg-3 v-inner-md-3 v-inner-3 style-252 style-local-66-c9 position-relative\"> <div class=\"w-100 h-y-container h-column__content h-column__v-align flex-basis-100 align-self-lg-start align-self-md-start align-self-start\"> <div data-colibri-id=\"66-c10\" class=\"h-blog-categories style-253 style-local-66-c10 position-relative h-element\"><div class=\"h-global-transition-all\"><a class=\"d-inline-block colibri-post-category\" href=\"https:\/\/business-ronin.com\/?cat=26\">Agiles Projektmanagement<\/a><a class=\"d-inline-block colibri-post-category\" href=\"https:\/\/business-ronin.com\/?cat=11\">projectmanagement<\/a><a class=\"d-inline-block colibri-post-category\" href=\"https:\/\/business-ronin.com\/?cat=10\">Projektmanagement<\/a><\/div><\/div><div data-colibri-id=\"66-c11\" class=\"h-blog-title style-254 style-local-66-c11 position-relative h-element\"><div class=\"h-global-transition-all\"><a href=\"https:\/\/business-ronin.com\/?p=507\"><h4 class=\"colibri-word-wrap\">Agiles Teufelsquadrat vs. Magisches Dreieck im Projektmanagement: Warum das agile Teufelsquadrat das bessere Tool ist<\/h4><\/a><\/div><\/div><div data-colibri-id=\"66-c12\" class=\"h-blog-meta style-255 style-local-66-c12 position-relative h-element\"><div class=\"metadata-item\"><span class=\"metadata-prefix\">by<\/span> <a href=\"https:\/\/business-ronin.com\/?author=1\">Christian Jeske<\/a> <span class=\"meta-separator\"><\/span><\/div><div class=\"metadata-item\"><span class=\"metadata-prefix\">on<\/span> <a href=\"https:\/\/business-ronin.com\/?m=20230429\">Apr 29<\/a><\/div><\/div><div data-colibri-id=\"66-c13\" class=\"style-256 style-local-66-c13 position-relative h-element\"><div class=\"h-global-transition-all\"><div class=\"colibri-post-excerpt\">Heute m\u00f6chte ich \u00fcber ein Thema sprechen, das f\u00fcr alle Projektmanager da [&hellip;]<\/div><\/div><\/div><div data-colibri-id=\"66-c14\" class=\"h-x-container style-257 style-local-66-c14 position-relative h-element\"><div class=\"h-x-container-inner style-dynamic-66-c14-group\"><span class=\"h-button__outer style-258-outer style-local-66-c15-outer d-inline-flex h-element\"><a href=\"https:\/\/business-ronin.com\/?p=507\" data-colibri-id=\"66-c15\" class=\"d-flex w-100 align-items-center h-button justify-content-lg-center justify-content-md-center justify-content-center style-258 style-local-66-c15 position-relative\"> <span>Read more<\/span> <span class=\"h-svg-icon h-button__icon style-258-icon style-local-66-c15-icon\"><svg version=\"1.1\" xmlns=\"http:\/\/www.w3.org\/2000\/svg\" xmlns:xlink=\"http:\/\/www.w3.org\/1999\/xlink\" id=\"arrow-right\" viewBox=\"0 0 512 545.5\"><path d=\"M299.5 140.5l136 136 11 11.5-11 11.5-136 136-23-23L385 304H64v-32h321L276.5 163.5z\"><\/path><\/svg><\/span><\/a><\/span><\/div><\/div><\/div><\/div><\/div><\/div><\/div><\/div><\/div><\/div>\n      \n      \n        <div class=\"h-column h-column-container d-flex h-col-lg-4 h-col-md-6 h-col-12 post-430 post type-post status-publish format-standard has-post-thumbnail hentry category-reading category-rezension tag-arbeit tag-chatgpt tag-kultur tag-kuenstliche-intelligenz tag-newwork masonry-item style-249-outer style-local-66-c6-outer\"><div data-colibri-id=\"66-c6\" class=\"d-flex h-flex-basis h-column__inner h-px-lg-2 h-px-md-2 h-px-2 v-inner-lg-2 v-inner-md-2 v-inner-2 style-249 style-local-66-c6 h-overflow-hidden position-relative\"> <div class=\"w-100 h-y-container h-column__content h-column__v-align flex-basis-100 align-self-lg-start align-self-md-start align-self-start\"> <div data-href=\"https:\/\/business-ronin.com\/?p=430\" data-colibri-component=\"link\" data-colibri-id=\"66-c7\" class=\"colibri-post-thumbnail colibri-post-has-thumbnail colibri-post-thumbnail-has-placeholder style-250 style-local-66-c7 h-overflow-hidden position-relative h-element\"><div class=\"h-global-transition-all colibri-post-thumbnail-shortcode style-dynamic-66-c7-height\">            <a href=\"https:\/\/business-ronin.com\/?p=430\" title=\"Buchrezension Neue Arbeit, Neue Kultur\">\n\t\t\t\t<img width=\"2560\" height=\"1920\" src=\"https:\/\/business-ronin.com\/wp-content\/uploads\/2023\/02\/NeueArbeitNeueKultur-scaled.jpg\" class=\"attachment-post-thumbnail size-post-thumbnail wp-post-image\" alt=\"\" decoding=\"async\" loading=\"lazy\" srcset=\"https:\/\/business-ronin.com\/wp-content\/uploads\/2023\/02\/NeueArbeitNeueKultur-scaled.jpg 2560w, https:\/\/business-ronin.com\/wp-content\/uploads\/2023\/02\/NeueArbeitNeueKultur-300x225.jpg 300w, https:\/\/business-ronin.com\/wp-content\/uploads\/2023\/02\/NeueArbeitNeueKultur-1024x768.jpg 1024w, https:\/\/business-ronin.com\/wp-content\/uploads\/2023\/02\/NeueArbeitNeueKultur-768x576.jpg 768w, https:\/\/business-ronin.com\/wp-content\/uploads\/2023\/02\/NeueArbeitNeueKultur-1536x1152.jpg 1536w, https:\/\/business-ronin.com\/wp-content\/uploads\/2023\/02\/NeueArbeitNeueKultur-2048x1536.jpg 2048w\" sizes=\"(max-width: 2560px) 100vw, 2560px\" \/>            <\/a>\n\t\t\t<\/div> <div class=\"colibri-post-thumbnail-content align-items-lg-center align-items-md-center align-items-center flex-basis-100\"><div class=\"w-100 h-y-container\"> <\/div><\/div><\/div><div data-colibri-id=\"66-c8\" class=\"h-row-container gutters-row-lg-0 gutters-row-md-0 gutters-row-2 gutters-row-v-lg-0 gutters-row-v-md-0 gutters-row-v-0 style-251 style-local-66-c8 position-relative\"><div class=\"h-row justify-content-lg-center justify-content-md-center justify-content-center align-items-lg-stretch align-items-md-stretch align-items-stretch gutters-col-lg-0 gutters-col-md-0 gutters-col-2 gutters-col-v-lg-0 gutters-col-v-md-0 gutters-col-v-0\"> <div class=\"h-column h-column-container d-flex h-col-lg h-col-md h-col-auto style-252-outer style-local-66-c9-outer\"><div data-colibri-id=\"66-c9\" class=\"d-flex h-flex-basis h-column__inner h-px-lg-3 h-px-md-3 h-px-3 v-inner-lg-3 v-inner-md-3 v-inner-3 style-252 style-local-66-c9 position-relative\"> <div class=\"w-100 h-y-container h-column__content h-column__v-align flex-basis-100 align-self-lg-start align-self-md-start align-self-start\"> <div data-colibri-id=\"66-c10\" class=\"h-blog-categories style-253 style-local-66-c10 position-relative h-element\"><div class=\"h-global-transition-all\"><a class=\"d-inline-block colibri-post-category\" href=\"https:\/\/business-ronin.com\/?cat=8\">Reading<\/a><a class=\"d-inline-block colibri-post-category\" href=\"https:\/\/business-ronin.com\/?cat=20\">Rezension<\/a><\/div><\/div><div data-colibri-id=\"66-c11\" class=\"h-blog-title style-254 style-local-66-c11 position-relative h-element\"><div class=\"h-global-transition-all\"><a href=\"https:\/\/business-ronin.com\/?p=430\"><h4 class=\"colibri-word-wrap\">Buchrezension Neue Arbeit, Neue Kultur<\/h4><\/a><\/div><\/div><div data-colibri-id=\"66-c12\" class=\"h-blog-meta style-255 style-local-66-c12 position-relative h-element\"><div class=\"metadata-item\"><span class=\"metadata-prefix\">by<\/span> <a href=\"https:\/\/business-ronin.com\/?author=1\">Christian Jeske<\/a> <span class=\"meta-separator\"><\/span><\/div><div class=\"metadata-item\"><span class=\"metadata-prefix\">on<\/span> <a href=\"https:\/\/business-ronin.com\/?m=20230226\">Feb 26<\/a><\/div><\/div><div data-colibri-id=\"66-c13\" class=\"style-256 style-local-66-c13 position-relative h-element\"><div class=\"h-global-transition-all\"><div class=\"colibri-post-excerpt\">&#8222;Arbeit kann uns verkr\u00fcppeln und kann uns sogar umbringen, aber das ist [&hellip;]<\/div><\/div><\/div><div data-colibri-id=\"66-c14\" class=\"h-x-container style-257 style-local-66-c14 position-relative h-element\"><div class=\"h-x-container-inner style-dynamic-66-c14-group\"><span class=\"h-button__outer style-258-outer style-local-66-c15-outer d-inline-flex h-element\"><a href=\"https:\/\/business-ronin.com\/?p=430\" data-colibri-id=\"66-c15\" class=\"d-flex w-100 align-items-center h-button justify-content-lg-center justify-content-md-center justify-content-center style-258 style-local-66-c15 position-relative\"> <span>Read more<\/span> <span class=\"h-svg-icon h-button__icon style-258-icon style-local-66-c15-icon\"><svg version=\"1.1\" xmlns=\"http:\/\/www.w3.org\/2000\/svg\" xmlns:xlink=\"http:\/\/www.w3.org\/1999\/xlink\" id=\"arrow-right\" viewBox=\"0 0 512 545.5\"><path d=\"M299.5 140.5l136 136 11 11.5-11 11.5-136 136-23-23L385 304H64v-32h321L276.5 163.5z\"><\/path><\/svg><\/span><\/a><\/span><\/div><\/div><\/div><\/div><\/div><\/div><\/div><\/div><\/div><\/div>\n      \n      \n        <div class=\"h-column h-column-container d-flex h-col-lg-4 h-col-md-6 h-col-12 post-389 post type-post status-publish format-standard has-post-thumbnail hentry category-clean-code tag-refactoring masonry-item style-249-outer style-local-66-c6-outer\"><div data-colibri-id=\"66-c6\" class=\"d-flex h-flex-basis h-column__inner h-px-lg-2 h-px-md-2 h-px-2 v-inner-lg-2 v-inner-md-2 v-inner-2 style-249 style-local-66-c6 h-overflow-hidden position-relative\"> <div class=\"w-100 h-y-container h-column__content h-column__v-align flex-basis-100 align-self-lg-start align-self-md-start align-self-start\"> <div data-href=\"https:\/\/business-ronin.com\/?p=389\" data-colibri-component=\"link\" data-colibri-id=\"66-c7\" class=\"colibri-post-thumbnail colibri-post-has-thumbnail colibri-post-thumbnail-has-placeholder style-250 style-local-66-c7 h-overflow-hidden position-relative h-element\"><div class=\"h-global-transition-all colibri-post-thumbnail-shortcode style-dynamic-66-c7-height\">            <a href=\"https:\/\/business-ronin.com\/?p=389\" title=\"Refactoring in der agilen Softwareentwicklung &#8211; Aufr\u00e4umen muss sein!\">\n\t\t\t\t<img width=\"1024\" height=\"683\" src=\"https:\/\/business-ronin.com\/wp-content\/uploads\/2023\/02\/coding.jpg\" class=\"attachment-post-thumbnail size-post-thumbnail wp-post-image\" alt=\"\" decoding=\"async\" loading=\"lazy\" srcset=\"https:\/\/business-ronin.com\/wp-content\/uploads\/2023\/02\/coding.jpg 1024w, https:\/\/business-ronin.com\/wp-content\/uploads\/2023\/02\/coding-300x200.jpg 300w, https:\/\/business-ronin.com\/wp-content\/uploads\/2023\/02\/coding-768x512.jpg 768w\" sizes=\"(max-width: 1024px) 100vw, 1024px\" \/>            <\/a>\n\t\t\t<\/div> <div class=\"colibri-post-thumbnail-content align-items-lg-center align-items-md-center align-items-center flex-basis-100\"><div class=\"w-100 h-y-container\"> <\/div><\/div><\/div><div data-colibri-id=\"66-c8\" class=\"h-row-container gutters-row-lg-0 gutters-row-md-0 gutters-row-2 gutters-row-v-lg-0 gutters-row-v-md-0 gutters-row-v-0 style-251 style-local-66-c8 position-relative\"><div class=\"h-row justify-content-lg-center justify-content-md-center justify-content-center align-items-lg-stretch align-items-md-stretch align-items-stretch gutters-col-lg-0 gutters-col-md-0 gutters-col-2 gutters-col-v-lg-0 gutters-col-v-md-0 gutters-col-v-0\"> <div class=\"h-column h-column-container d-flex h-col-lg h-col-md h-col-auto style-252-outer style-local-66-c9-outer\"><div data-colibri-id=\"66-c9\" class=\"d-flex h-flex-basis h-column__inner h-px-lg-3 h-px-md-3 h-px-3 v-inner-lg-3 v-inner-md-3 v-inner-3 style-252 style-local-66-c9 position-relative\"> <div class=\"w-100 h-y-container h-column__content h-column__v-align flex-basis-100 align-self-lg-start align-self-md-start align-self-start\"> <div data-colibri-id=\"66-c10\" class=\"h-blog-categories style-253 style-local-66-c10 position-relative h-element\"><div class=\"h-global-transition-all\"><a class=\"d-inline-block colibri-post-category\" href=\"https:\/\/business-ronin.com\/?cat=6\">Clean Code<\/a><\/div><\/div><div data-colibri-id=\"66-c11\" class=\"h-blog-title style-254 style-local-66-c11 position-relative h-element\"><div class=\"h-global-transition-all\"><a href=\"https:\/\/business-ronin.com\/?p=389\"><h4 class=\"colibri-word-wrap\">Refactoring in der agilen Softwareentwicklung &#8211; Aufr\u00e4umen muss sein!<\/h4><\/a><\/div><\/div><div data-colibri-id=\"66-c12\" class=\"h-blog-meta style-255 style-local-66-c12 position-relative h-element\"><div class=\"metadata-item\"><span class=\"metadata-prefix\">by<\/span> <a href=\"https:\/\/business-ronin.com\/?author=1\">Christian Jeske<\/a> <span class=\"meta-separator\"><\/span><\/div><div class=\"metadata-item\"><span class=\"metadata-prefix\">on<\/span> <a href=\"https:\/\/business-ronin.com\/?m=20230212\">Feb 12<\/a><\/div><\/div><div data-colibri-id=\"66-c13\" class=\"style-256 style-local-66-c13 position-relative h-element\"><div class=\"h-global-transition-all\"><div class=\"colibri-post-excerpt\">In der agilen Softwareentwicklung leiden viele Programme unter der Quick&amp;Dirty Methode. Ein [&hellip;]<\/div><\/div><\/div><div data-colibri-id=\"66-c14\" class=\"h-x-container style-257 style-local-66-c14 position-relative h-element\"><div class=\"h-x-container-inner style-dynamic-66-c14-group\"><span class=\"h-button__outer style-258-outer style-local-66-c15-outer d-inline-flex h-element\"><a href=\"https:\/\/business-ronin.com\/?p=389\" data-colibri-id=\"66-c15\" class=\"d-flex w-100 align-items-center h-button justify-content-lg-center justify-content-md-center justify-content-center style-258 style-local-66-c15 position-relative\"> <span>Read more<\/span> <span class=\"h-svg-icon h-button__icon style-258-icon style-local-66-c15-icon\"><svg version=\"1.1\" xmlns=\"http:\/\/www.w3.org\/2000\/svg\" xmlns:xlink=\"http:\/\/www.w3.org\/1999\/xlink\" id=\"arrow-right\" viewBox=\"0 0 512 545.5\"><path d=\"M299.5 140.5l136 136 11 11.5-11 11.5-136 136-23-23L385 304H64v-32h321L276.5 163.5z\"><\/path><\/svg><\/span><\/a><\/span><\/div><\/div><\/div><\/div><\/div><\/div><\/div><\/div><\/div><\/div>\n      \n      \n                    <\/div>\n                <\/div>\n              <\/div>\n            <\/div>\n          <\/div>\n        <\/div>\n      <\/div>\n    <\/div>\n  <\/div>\n  <div data-colibri-component=\"section\" data-colibri-id=\"66-c20\" id=\"about\" class=\"h-section h-section-global-spacing d-flex align-items-lg-center align-items-md-center align-items-center style-204 style-local-66-c20 position-relative\">\n    <!---->\n    <!---->\n    <div class=\"h-section-grid-container h-section-boxed-container\">\n      <!---->\n      <div data-colibri-id=\"66-c21\" class=\"h-row-container gutters-row-lg-3 gutters-row-md-3 gutters-row-0 gutters-row-v-lg-3 gutters-row-v-md-3 gutters-row-v-3 style-205 style-local-66-c21 position-relative\">\n        <!---->\n        <div class=\"h-row justify-content-lg-center justify-content-md-center justify-content-center align-items-lg-stretch align-items-md-stretch align-items-stretch gutters-col-lg-3 gutters-col-md-3 gutters-col-0 gutters-col-v-lg-3 gutters-col-v-md-3 gutters-col-v-3\">\n          <!---->\n          <div class=\"h-column h-column-container d-flex h-col-lg-auto h-col-md-auto h-col-auto style-206-outer style-local-66-c22-outer\">\n            <div data-colibri-id=\"66-c22\" class=\"d-flex h-flex-basis h-column__inner h-px-lg-3 h-px-md-3 h-px-3 v-inner-lg-3 v-inner-md-3 v-inner-3 style-206 style-local-66-c22 position-relative\">\n              <!---->\n              <!---->\n              <div class=\"w-100 h-y-container h-column__content h-column__v-align flex-basis-100 align-self-lg-start align-self-md-start align-self-start\">\n                <!---->\n                <div data-colibri-id=\"66-c23\" class=\"h-global-transition-all h-heading style-207 style-local-66-c23 position-relative h-element\">\n                  <!---->\n                  <div class=\"h-heading__outer style-207 style-local-66-c23\">\n                    <!---->\n                    <!---->\n                    <h5 class=\"\">About business-ronin.com<\/h5>\n                  <\/div>\n                <\/div>\n                <div data-colibri-id=\"66-c24\" class=\"h-text h-text-component style-209 style-local-66-c24 position-relative h-element\">\n                  <!---->\n                  <!---->\n                  <div class=\"\">\n                    <p>Willkommen,\n                      <br>mein Name ist Christian und\n                      <br>ich arbeite seit \u00fcber 20 Jahre als IT-Consultant.\n                      <br>Ich habe Teils unglaubliche inspirierend und teils sehr lehrreich Erfahrungen machen d\u00fcrfen.\n                      <br>\n                      <br>business-ronin.com ist ein Projekt, mit dem ich meine Erfahrung teilen m\u00f6chte. Es geht um pers\u00f6nliches Wachstum, Produktivit\u00e4tssteigerung, Inspiration und um jeden Tag aufzustehen und besser zu sein als man gestern war.&nbsp;\n                      <br>\n                    <\/p>\n                    <p>\n                      <br>\n                    <\/p>\n                  <\/div>\n                <\/div>\n              <\/div>\n            <\/div>\n          <\/div>\n          <div class=\"h-column h-column-container d-flex h-col-lg-auto h-col-md-auto h-col-auto style-210-outer style-local-66-c25-outer\">\n            <div data-colibri-id=\"66-c25\" class=\"d-flex h-flex-basis h-column__inner h-ui-empty-state-container h-px-lg-2 h-px-md-2 h-px-2 v-inner-lg-2 v-inner-md-2 v-inner-2 style-210 style-local-66-c25 position-relative\">\n              <!---->\n              <!---->\n              <div class=\"w-100 h-y-container h-column__content h-column__v-align flex-basis-100\">\n                <!---->\n              <\/div>\n            <\/div>\n          <\/div>\n        <\/div>\n      <\/div>\n    <\/div>\n  <\/div>\n<\/div>","protected":false},"excerpt":{"rendered":"<p>Mein Blog Wenn Du Spa\u00df an inspierenden Ideen und praktischen Ergebnissen hast, [&hellip;]<\/p>\n","protected":false},"author":1,"featured_media":0,"parent":0,"menu_order":0,"comment_status":"closed","ping_status":"closed","template":"page-templates\/homepage.php","meta":[],"_links":{"self":[{"href":"https:\/\/business-ronin.com\/index.php?rest_route=\/wp\/v2\/pages\/66"}],"collection":[{"href":"https:\/\/business-ronin.com\/index.php?rest_route=\/wp\/v2\/pages"}],"about":[{"href":"https:\/\/business-ronin.com\/index.php?rest_route=\/wp\/v2\/types\/page"}],"author":[{"embeddable":true,"href":"https:\/\/business-ronin.com\/index.php?rest_route=\/wp\/v2\/users\/1"}],"replies":[{"embeddable":true,"href":"https:\/\/business-ronin.com\/index.php?rest_route=%2Fwp%2Fv2%2Fcomments&post=66"}],"version-history":[{"count":20,"href":"https:\/\/business-ronin.com\/index.php?rest_route=\/wp\/v2\/pages\/66\/revisions"}],"predecessor-version":[{"id":483,"href":"https:\/\/business-ronin.com\/index.php?rest_route=\/wp\/v2\/pages\/66\/revisions\/483"}],"wp:attachment":[{"href":"https:\/\/business-ronin.com\/index.php?rest_route=%2Fwp%2Fv2%2Fmedia&parent=66"}],"curies":[{"name":"wp","href":"https:\/\/api.w.org\/{rel}","templated":true}]}}